{"id":61,"date":"2021-07-17T09:37:51","date_gmt":"2021-07-17T07:37:51","guid":{"rendered":"https:\/\/www.waldenwoods-retraite.com\/?page_id=61"},"modified":"2021-07-28T11:49:38","modified_gmt":"2021-07-28T09:49:38","slug":"welkom-in-walden-woods-retraite","status":"publish","type":"page","link":"https:\/\/www.waldenwoods-retraite.com\/de\/welkom-in-walden-woods-retraite\/","title":{"rendered":"Walden Woods Retraite NO"},"content":{"rendered":"\n<p>Inmitten der s\u00fcdnorwegischen Natur entsteht ein Dorf f\u00fcr Menschen, die die Natur, Menschen und Friluftsliv lieben!<\/p>\n\n\n\n<p>Die skandinavische Lebensphilosophie FRILUFTSLIV ist das Beste, was Du f\u00fcr dich &amp; Deine Gesundheit tun kannst. Komm nach Norwegen und erlebe die Ruhe und die Weite der Natur. \u00dcbernachte in einer meiner Jurten (Yurt\/Geer) und genie\u00dfe die uralte Einfachheit dieser besonderen Steppenzelte.<\/p>\n\n\n\n<h2 class=\"wp-block-heading\">Friluftsliv &#8211; eine Philosophie f\u00fcr ein gesundes &amp; gl\u00fcckliches Leben<\/h2>\n\n\n\n<p>Friluftsliv ist nicht nur ein Wort oder ein Begriff. Es ist eine Philosophie. Ein Lebensstil. Frei \u00fcbersetzt w\u00fcrde es &#8216;Leben im Freien&#8217; bedeuten, aber Friluftsliv ist mehr als das. Es ist ein skandinavischer Way of Life. Egal, ob man im gesch\u00e4ftigen urbanen Oslo oder im einsamen arktischen Norden lebt. Es ist die Liebe und der Respekt vor der Natur. Das beste Mittel an langen dunklen Tagen. Aber Friluftsliv ist nicht nur etwas f\u00fcr eingefleischte Outdoor-Freaks, die gerne klettern, raften oder mountainbiken, sondern Frilufstliv steht auch &#8211; und gerade &#8211; an langen Sommertagen f\u00fcr Spazierg\u00e4nge mit Freunden in der Natur, Picknicks oder einen gem\u00fctlichen Abendspaziergang. Es gibt sogar ein spezielles Wort f\u00fcr das Trinken eines Bieres im Freien &#8211; UTEPILS.<\/p>\n\n\n\n<p>Ein zweiter f\u00fcr die nordischen L\u00e4nder typischer Begriff ist HYGGE. Hygge und Friluftsliv sind untrennbar miteinander verbunden. Hygge bedeutet neben Gem\u00fctlichkeit auch die Freude an kleinen Dingen, Behaglichkeit und Geselligkeit. Wichtige Bestandteile f\u00fcr unser Dorf Walden Woods.<\/p>\n\n\n\n<h2 class=\"wp-block-heading\">Jurten &#8211; B&amp;B, Glamping und R\u00fcckzug<\/h2>\n\n\n\n<p>Seit meiner Kindheit habe ich davon getr\u00e4umt, in einem Tiny House zu leben. Inspiriert von der Kindersendung &#8220;Pusteblume&#8221;. Das Wort &#8220;Tiny House&#8221; gab es damals noch nicht. Vor ein paar Jahren durfte ich f\u00fcr ein paar Tage in einer mongolischen Jurte wohnen. Ich war restlos begeistert! Aus dem Traum von einem gem\u00fctlichen Bauwagen wurde der Traum vom Leben in einem YURT.<\/p>\n\n\n\n<p>Ich m\u00f6chte meinen Traum vom Leben in einer Jurte mit Euch teilen, indem ich in Walden Woods ein B&amp;B, Glamping- und Retreat-Zentrum realisiere, das aus einer Reihe von Jurten unterschiedlicher Gr\u00f6\u00dfe besteht. Eine gro\u00dfe f\u00fcr Gruppenarbeiten wie eine Woche Yoga in norwegischer Natur oder ein Lomi Lomi Training. Einige kleinere Jurten als B&amp;B und Glamping.<\/p>\n\n\n\n<h2 class=\"wp-block-heading\">Retreat &#8211; Massagen<\/h2>\n\n\n\n<p>Wenn Ihr eine Jurte als B&amp;B oder Glamping bucht, k\u00f6nnt Ihr euch auch Euren eigenen kleinen pers\u00f6nlichen Retreat schaffen und mein Angebot an verschiedenen Massagen genie\u00dfen. Ich bin Heilmasseurin f\u00fcr Integrale Massage, Aromamassage, Holistic Pulsing, Schwangerschaftsmassage und Lomi Lomi. Zu dem bin ich Ernahrungsberaterin.   Reines und gesundes Essen &#8211; aber vor allem leckeres Essen &#8211; wird Teil Deines pers\u00f6nlichen Retreats sein.<\/p>\n\n\n\n<p>Kannst du  es nicht erwarten, dass Walden Woods Retreat in Norwegen er\u00f6ffnet? Du bist jetzt schon herzlich willkommen in meiner Praxis in Arnheim (NL)  oder in Rhede (D). Mache dich vertraut mit meinem Massageangebot und geniesse die Vorfreude auf Norwegen! <\/p>\n\n\n\n<p>Mehr \u00fcber meine Praxis und Massagen unter Walden Woods Retreat NL und auf meiner Praxisseite:<\/p>\n\n\n\n<p><a href=\"http:\/\/www.dekrachtvanzachtheid.nl\" target=\"_blank\" rel=\"noreferrer noopener\">www.dekrachtvanzachtheid.nl<\/a><\/p>\n\n\n\n<h2 class=\"wp-block-heading\">Walden Woods Retreat<\/h2>\n\n\n\n<p>Walden Woods Retreat wird ein Teil des Dorfes Walden Woods sein. In diesem Dorf werde ich in K\u00fcrze 1000m2 mein Eigen nennen k\u00f6nnen. Umgeben von 240ha Wald, Natur, einem privaten See und einer wachsenden Gruppe von tollen Menschen, die wie ich einen Traum von Natur, Raum und FRISLUFTLIV verwirklichen.<\/p>\n\n\n\n<p>Sind Sie neugierig auf Walden Woods und unsere Pl\u00e4ne? Vielleicht wollen Sie sogar ein Teil von Walden Woods werden?<\/p>\n\n\n\n<p>Hier finden Sie weitere Informationen zu Walden Woods:<\/p>\n\n\n\n<p><a href=\"https:\/\/www.waldenwoods.no\/\">https:\/\/www.waldenwoods.no\/<\/a><\/p>\n","protected":false},"excerpt":{"rendered":"<div class=\"entry-summary\">\nInmitten der s\u00fcdnorwegischen Natur entsteht ein Dorf f\u00fcr Menschen, die die Natur, Menschen und Friluftsliv lieben! Die skandinavische Lebensphilosophie FRILUFTSLIV ist das Beste, was Du f\u00fcr dich &amp; Deine Gesundheit tun kannst. Komm nach Norwegen und erlebe die Ruhe und die Weite der Natur. \u00dcbernachte in einer meiner Jurten (Yurt\/Geer) und genie\u00dfe die uralte Einfachheit&hellip;\n<\/div>\n<div class=\"link-more\"><a href=\"https:\/\/www.waldenwoods-retraite.com\/de\/welkom-in-walden-woods-retraite\/\" class=\"more-link\">Continue reading<span class=\"screen-reader-text\"> &ldquo;Walden Woods Retraite NO&rdquo;<\/span>&hellip;<\/a><\/div>\n","protected":false},"author":2,"featured_media":264,"parent":0,"menu_order":0,"comment_status":"closed","ping_status":"closed","template":"templates\/sidebar.php","meta":{"footnotes":""},"class_list":["post-61","page","type-page","status-publish","has-post-thumbnail","hentry","entry"],"translation":{"provider":"WPGlobus","version":"2.8.0","language":"de","enabled_languages":["nl","de","gb"],"languages":{"nl":{"title":true,"content":true,"excerpt":false},"de":{"title":true,"content":true,"excerpt":false},"gb":{"title":true,"content":true,"excerpt":false}}},"_links":{"self":[{"href":"https:\/\/www.waldenwoods-retraite.com\/de\/wp-json\/wp\/v2\/pages\/61","targetHints":{"allow":["GET"]}}],"collection":[{"href":"https:\/\/www.waldenwoods-retraite.com\/de\/wp-json\/wp\/v2\/pages"}],"about":[{"href":"https:\/\/www.waldenwoods-retraite.com\/de\/wp-json\/wp\/v2\/types\/page"}],"author":[{"embeddable":true,"href":"https:\/\/www.waldenwoods-retraite.com\/de\/wp-json\/wp\/v2\/users\/2"}],"replies":[{"embeddable":true,"href":"https:\/\/www.waldenwoods-retraite.com\/de\/wp-json\/wp\/v2\/comments?post=61"}],"version-history":[{"count":28,"href":"https:\/\/www.waldenwoods-retraite.com\/de\/wp-json\/wp\/v2\/pages\/61\/revisions"}],"predecessor-version":[{"id":302,"href":"https:\/\/www.waldenwoods-retraite.com\/de\/wp-json\/wp\/v2\/pages\/61\/revisions\/302"}],"wp:featuredmedia":[{"embeddable":true,"href":"https:\/\/www.waldenwoods-retraite.com\/de\/wp-json\/wp\/v2\/media\/264"}],"wp:attachment":[{"href":"https:\/\/www.waldenwoods-retraite.com\/de\/wp-json\/wp\/v2\/media?parent=61"}],"curies":[{"name":"wp","href":"https:\/\/api.w.org\/{rel}","templated":true}]}}