{"id":177,"date":"2021-07-18T11:31:47","date_gmt":"2021-07-18T09:31:47","guid":{"rendered":"https:\/\/www.waldenwoods-retraite.com\/?page_id=177"},"modified":"2021-07-28T12:40:31","modified_gmt":"2021-07-28T10:40:31","slug":"crowdfunding","status":"publish","type":"page","link":"https:\/\/www.waldenwoods-retraite.com\/de\/crowdfunding\/","title":{"rendered":"Crowdfunding"},"content":{"rendered":"\n<p>Crowdfunding &#8211; ein alternativer Weg zur Finanzierung eines Projekts oder Unternehmens mit Hilfe vieler Einzelpersonen, die kleine Betr\u00e4ge investieren.<\/p>\n\n\n\n<p>Walden Woods ist ein Projekt von Menschen f\u00fcr Menschen. Daher werden keine Banken beteiligt sein. Dieses Projekt wird lediglich durch Crowdfunding, Co-Creation, Gegenseitigkeit und Freiwilligen (workaway\/WWOOF), denen Walden Woods am Herzen liegt, realisiert werden.<\/p>\n\n\n\n<h2 class=\"wp-block-heading\">Ziel 1 &#8211; Phase 1<\/h2>\n\n\n\n<p>Nach der Vertragsunterzeichnung im Juni besteht nun die Herausforderung darin, bis zum <strong>1. August 7500,- <\/strong>Euro aufzubringen, um meine 1000m2 Walden Woods zu reservieren.<\/p>\n\n\n\n<p>Gut die H\u00e4lfte dieses Betrags habe ich bereits durch eigene Ersparnisse und Spenden von Freunden aufgebracht. Aber die Zeit vergeht wie im Flug, wenn man damit besch\u00e4ftigt ist, herauszufinden, wie man eine Website erstellt und ein Crowdfunding einrichtet. Nur noch <strong>4 <\/strong>Tage und es ist bereits der 1. August. Ich brauche also noch dringend Eure Unterst\u00fctzung!<\/p>\n\n\n\n<p><strong>M\u00f6chtet Ihr mir helfen, Walden Woods Retreat zu realisieren? Jede Spende &#8211; ob gro\u00df oder klein &#8211; in den n\u00e4chsten Tagen ist sehr willkommen!<\/strong><\/p>\n\n\n\n<p><strong>Ihr k\u00f6nnt Eure Spende auf mein spezielles Walden Woods Konto \u00fcberweisen<\/strong>:<\/p>\n\n\n\n<p>I<strong>BAN: NL 64 ASNB 8830 8842 78<\/strong><\/p>\n\n\n\n<p><strong>BIC: ASNBNL21<\/strong><\/p>\n\n\n\n<p><strong>Nadine Fillies, Arnhem, unter Vermeldung von Norwegen<\/strong><\/p>\n\n\n\n<p>\u00dcbersetzt mit www.DeepL.com\/Translator (kostenlose Version)<\/p>\n","protected":false},"excerpt":{"rendered":"<div class=\"entry-summary\">\nCrowdfunding &#8211; ein alternativer Weg zur Finanzierung eines Projekts oder Unternehmens mit Hilfe vieler Einzelpersonen, die kleine Betr\u00e4ge investieren. Walden Woods ist ein Projekt von Menschen f\u00fcr Menschen. Daher werden keine Banken beteiligt sein. Dieses Projekt wird lediglich durch Crowdfunding, Co-Creation, Gegenseitigkeit und Freiwilligen (workaway\/WWOOF), denen Walden Woods am Herzen liegt, realisiert werden. Ziel 1&hellip;\n<\/div>\n<div class=\"link-more\"><a href=\"https:\/\/www.waldenwoods-retraite.com\/de\/crowdfunding\/\" class=\"more-link\">Continue reading<span class=\"screen-reader-text\"> &ldquo;Crowdfunding&rdquo;<\/span>&hellip;<\/a><\/div>\n","protected":false},"author":1,"featured_media":255,"parent":0,"menu_order":0,"comment_status":"closed","ping_status":"closed","template":"templates\/sidebar.php","meta":{"footnotes":""},"class_list":["post-177","page","type-page","status-publish","has-post-thumbnail","hentry","entry"],"translation":{"provider":"WPGlobus","version":"2.8.0","language":"de","enabled_languages":["nl","de","gb"],"languages":{"nl":{"title":true,"content":true,"excerpt":false},"de":{"title":true,"content":true,"excerpt":false},"gb":{"title":true,"content":true,"excerpt":false}}},"_links":{"self":[{"href":"https:\/\/www.waldenwoods-retraite.com\/de\/wp-json\/wp\/v2\/pages\/177","targetHints":{"allow":["GET"]}}],"collection":[{"href":"https:\/\/www.waldenwoods-retraite.com\/de\/wp-json\/wp\/v2\/pages"}],"about":[{"href":"https:\/\/www.waldenwoods-retraite.com\/de\/wp-json\/wp\/v2\/types\/page"}],"author":[{"embeddable":true,"href":"https:\/\/www.waldenwoods-retraite.com\/de\/wp-json\/wp\/v2\/users\/1"}],"replies":[{"embeddable":true,"href":"https:\/\/www.waldenwoods-retraite.com\/de\/wp-json\/wp\/v2\/comments?post=177"}],"version-history":[{"count":18,"href":"https:\/\/www.waldenwoods-retraite.com\/de\/wp-json\/wp\/v2\/pages\/177\/revisions"}],"predecessor-version":[{"id":311,"href":"https:\/\/www.waldenwoods-retraite.com\/de\/wp-json\/wp\/v2\/pages\/177\/revisions\/311"}],"wp:featuredmedia":[{"embeddable":true,"href":"https:\/\/www.waldenwoods-retraite.com\/de\/wp-json\/wp\/v2\/media\/255"}],"wp:attachment":[{"href":"https:\/\/www.waldenwoods-retraite.com\/de\/wp-json\/wp\/v2\/media?parent=177"}],"curies":[{"name":"wp","href":"https:\/\/api.w.org\/{rel}","templated":true}]}}